{"id":21,"date":"2024-03-12T09:19:46","date_gmt":"2024-03-12T09:19:46","guid":{"rendered":"https:\/\/student.ihsm.mg\/?page_id=21"},"modified":"2025-11-02T15:54:54","modified_gmt":"2025-11-02T15:54:54","slug":"club-vintsy-vatohara","status":"publish","type":"page","link":"https:\/\/student.ihsm.mg\/index.php\/club-vintsy-vatohara\/","title":{"rendered":"Club Vintsy Vatohara"},"content":{"rendered":"\t\t<div data-elementor-type=\"wp-page\" data-elementor-id=\"21\" class=\"elementor elementor-21\">\n\t\t\t\t<div class=\"elementor-element elementor-element-ba70aea e-flex e-con-boxed e-con e-parent\" data-id=\"ba70aea\" data-element_type=\"container\" data-e-type=\"container\">\n\t\t\t\t\t<div class=\"e-con-inner\">\n\t\t<div class=\"elementor-element elementor-element-dcd98db e-con-full e-flex e-con e-child\" data-id=\"dcd98db\" data-element_type=\"container\" data-e-type=\"container\">\n\t\t\t\t<div class=\"elementor-element elementor-element-57bf8d7 elementor-widget elementor-widget-heading\" data-id=\"57bf8d7\" data-element_type=\"widget\" data-e-type=\"widget\" data-widget_type=\"heading.default\">\n\t\t\t\t<div class=\"elementor-widget-container\">\n\t\t\t\t\t<h1 class=\"elementor-heading-title elementor-size-default\">Club Vintsy Vatohara<\/h1>\t\t\t\t<\/div>\n\t\t\t\t<\/div>\n\t\t\t\t<div class=\"elementor-element elementor-element-b354daf elementor-widget elementor-widget-text-editor\" data-id=\"b354daf\" data-element_type=\"widget\" data-e-type=\"widget\" data-widget_type=\"text-editor.default\">\n\t\t\t\t<div class=\"elementor-widget-container\">\n\t\t\t\t\t\t\t\t\t<p>Le Club environnemental des \u00e9tudiants \u00e9covolontaires de l&#8217;Institut Halieutique et des Sciences Marine<\/p>\t\t\t\t\t\t\t\t<\/div>\n\t\t\t\t<\/div>\n\t\t\t\t<\/div>\n\t\t<div class=\"elementor-element elementor-element-6a39d61 e-con-full e-flex e-con e-child\" data-id=\"6a39d61\" data-element_type=\"container\" data-e-type=\"container\">\n\t\t\t\t<div class=\"elementor-element elementor-element-6b78c40 elementor-widget elementor-widget-image\" data-id=\"6b78c40\" data-element_type=\"widget\" data-e-type=\"widget\" data-widget_type=\"image.default\">\n\t\t\t\t<div class=\"elementor-widget-container\">\n\t\t\t\t\t\t\t\t\t\t\t\t\t\t\t<img fetchpriority=\"high\" decoding=\"async\" width=\"1024\" height=\"1024\" src=\"https:\/\/student.ihsm.mg\/wp-content\/uploads\/2025\/11\/458517044_930329909139389_875171386352292840_n-1024x1024.jpg\" class=\"attachment-large size-large wp-image-975\" alt=\"\" srcset=\"https:\/\/student.ihsm.mg\/wp-content\/uploads\/2025\/11\/458517044_930329909139389_875171386352292840_n-1024x1024.jpg 1024w, https:\/\/student.ihsm.mg\/wp-content\/uploads\/2025\/11\/458517044_930329909139389_875171386352292840_n-300x300.jpg 300w, https:\/\/student.ihsm.mg\/wp-content\/uploads\/2025\/11\/458517044_930329909139389_875171386352292840_n-150x150.jpg 150w, https:\/\/student.ihsm.mg\/wp-content\/uploads\/2025\/11\/458517044_930329909139389_875171386352292840_n-768x768.jpg 768w, https:\/\/student.ihsm.mg\/wp-content\/uploads\/2025\/11\/458517044_930329909139389_875171386352292840_n-1536x1536.jpg 1536w, https:\/\/student.ihsm.mg\/wp-content\/uploads\/2025\/11\/458517044_930329909139389_875171386352292840_n-100x100.jpg 100w, https:\/\/student.ihsm.mg\/wp-content\/uploads\/2025\/11\/458517044_930329909139389_875171386352292840_n-200x200.jpg 200w, https:\/\/student.ihsm.mg\/wp-content\/uploads\/2025\/11\/458517044_930329909139389_875171386352292840_n-400x400.jpg 400w, https:\/\/student.ihsm.mg\/wp-content\/uploads\/2025\/11\/458517044_930329909139389_875171386352292840_n-500x500.jpg 500w, https:\/\/student.ihsm.mg\/wp-content\/uploads\/2025\/11\/458517044_930329909139389_875171386352292840_n.jpg 2048w\" sizes=\"(max-width: 1024px) 100vw, 1024px\" \/>\t\t\t\t\t\t\t\t\t\t\t\t\t\t\t<\/div>\n\t\t\t\t<\/div>\n\t\t\t\t<\/div>\n\t\t\t\t\t<\/div>\n\t\t\t\t<\/div>\n\t\t<div class=\"elementor-element elementor-element-68362b3 e-flex e-con-boxed e-con e-parent\" data-id=\"68362b3\" data-element_type=\"container\" data-e-type=\"container\" data-settings=\"{&quot;background_background&quot;:&quot;classic&quot;}\">\n\t\t\t\t\t<div class=\"e-con-inner\">\n\t\t\t\t<div class=\"elementor-element elementor-element-d4953e3 elementor-widget elementor-widget-heading\" data-id=\"d4953e3\" data-element_type=\"widget\" data-e-type=\"widget\" data-widget_type=\"heading.default\">\n\t\t\t\t<div class=\"elementor-widget-container\">\n\t\t\t\t\t<h1 class=\"elementor-heading-title elementor-size-default\">Notre \u00e9quipe<\/h1>\t\t\t\t<\/div>\n\t\t\t\t<\/div>\n\t\t\t\t<div class=\"elementor-element elementor-element-50d429a elementor-widget elementor-widget-eael-image-accordion\" data-id=\"50d429a\" data-element_type=\"widget\" data-e-type=\"widget\" data-widget_type=\"eael-image-accordion.default\">\n\t\t\t\t<div class=\"elementor-widget-container\">\n\t\t\t\t\t    <div class=\"eael-img-accordion accordion-direction-horizontal eael-img-accordion-horizontal-align-center eael-img-accordion-vertical-align-center\" id=\"eael-img-accordion-50d429a\" data-img-accordion-id=\"50d429a\" data-img-accordion-type=\"on-hover\">\n                    \n            <div class=\"eael-image-accordion-hover eael-image-accordion-item\" style=\"background-image: url(https:\/\/student.ihsm.mg\/wp-content\/uploads\/2025\/11\/485981871_1081162850722760_343335774427028309_n.jpg);\"  tabindex=\"0\">\n                <div class=\"overlay\">\n                                        <div class=\"overlay-inner \">\n                        <h2 class=\"img-accordion-title\">Francis Evariste<\/h2>                            <p><p>Pr\u00e9sident<\/p><\/p>\n                                            <\/div>\n                <\/div>\n            <\/div>\n                    \n            <div class=\"eael-image-accordion-hover eael-image-accordion-item\" style=\"background-image: url(https:\/\/student.ihsm.mg\/wp-content\/uploads\/2025\/11\/486677864_1081163637389348_3145558169947386108_n.jpg);\"  tabindex=\"0\">\n                <div class=\"overlay\">\n                                        <div class=\"overlay-inner \">\n                        <h2 class=\"img-accordion-title\">Kevine Nomenjanahary<\/h2>                            <p><p>Treasurer<\/p><\/p>\n                                            <\/div>\n                <\/div>\n            <\/div>\n                    \n            <div class=\"eael-image-accordion-hover eael-image-accordion-item\" style=\"background-image: url(https:\/\/student.ihsm.mg\/wp-content\/uploads\/2025\/11\/486572517_1081170490721996_7309642346437707238_n-1.jpg);\"  tabindex=\"0\">\n                <div class=\"overlay\">\n                                        <div class=\"overlay-inner \">\n                        <h2 class=\"img-accordion-title\">Avenue Razafimanirisoa<\/h2>                            <p><p>Program Manager<\/p><\/p>\n                                            <\/div>\n                <\/div>\n            <\/div>\n                    \n            <div class=\"eael-image-accordion-hover eael-image-accordion-item\" style=\"background-image: url(https:\/\/student.ihsm.mg\/wp-content\/uploads\/2025\/11\/486466030_1081236537382058_7361059875378212526_n.jpg);\"  tabindex=\"0\">\n                <div class=\"overlay\">\n                                        <div class=\"overlay-inner \">\n                        <h2 class=\"img-accordion-title\">Lauren Bakolimiharisoa<\/h2>                            <p><p>Financial Auditor<\/p><\/p>\n                                            <\/div>\n                <\/div>\n            <\/div>\n                    \n            <div class=\"eael-image-accordion-hover eael-image-accordion-item\" style=\"background-image: url(https:\/\/student.ihsm.mg\/wp-content\/uploads\/2025\/11\/486508803_1081172577388454_3909398097155530914_n.jpg);\"  tabindex=\"0\">\n                <div class=\"overlay\">\n                                        <div class=\"overlay-inner \">\n                        <h2 class=\"img-accordion-title\">Nolwen Noronavalona<\/h2>                            <p><p>Events Organiser<\/p><\/p>\n                                            <\/div>\n                <\/div>\n            <\/div>\n                    \n            <div class=\"eael-image-accordion-hover eael-image-accordion-item\" style=\"background-image: url(https:\/\/student.ihsm.mg\/wp-content\/uploads\/2025\/11\/486541364_1081169054055473_6372299280045420782_n.jpg);\"  tabindex=\"0\">\n                <div class=\"overlay\">\n                                        <div class=\"overlay-inner \">\n                        <h2 class=\"img-accordion-title\">Lionel Herimanjato<\/h2>                            <p><p>Community Manager &amp; Designer<\/p><\/p>\n                                            <\/div>\n                <\/div>\n            <\/div>\n                    \n            <div class=\"eael-image-accordion-hover eael-image-accordion-item\" style=\"background-image: url(https:\/\/student.ihsm.mg\/wp-content\/uploads\/2025\/11\/486573631_1081236550715390_881206459212446022_n.jpg);\"  tabindex=\"0\">\n                <div class=\"overlay\">\n                                        <div class=\"overlay-inner \">\n                        <h2 class=\"img-accordion-title\">Jina Andrianjazalahatra<\/h2>                            <p><p>Community Manager &amp; Designer<\/p><\/p>\n                                            <\/div>\n                <\/div>\n            <\/div>\n                <\/div>\n        <style typr=\"text\/css\">\n                    #eael-img-accordion-50d429a .eael-image-accordion-hover:hover {\n                        flex: 3 1 0% !important;\n                    }\n                    #eael-img-accordion-50d429a .eael-image-accordion-hover:hover:hover .overlay-inner * {\n                        opacity: 1;\n                        visibility: visible;\n                        transform: none;\n                        transition: all .3s .3s;\n                    }\n                <\/style>\t\t\t\t<\/div>\n\t\t\t\t<\/div>\n\t\t\t\t\t<\/div>\n\t\t\t\t<\/div>\n\t\t\t\t<\/div>\n\t\t","protected":false},"excerpt":{"rendered":"<p>Club Vintsy Vatohara Le Club environnemental des \u00e9tudiants \u00e9covolontaires de l&#8217;Institut Halieutique et des Sciences Marine Notre \u00e9quipe Francis Evariste [&hellip;]<\/p>\n","protected":false},"author":2,"featured_media":0,"parent":0,"menu_order":0,"comment_status":"closed","ping_status":"closed","template":"","meta":{"_eb_attr":"","site-sidebar-layout":"no-sidebar","site-content-layout":"","ast-site-content-layout":"full-width-container","site-content-style":"default","site-sidebar-style":"default","ast-global-header-display":"","ast-banner-title-visibility":"","ast-main-header-display":"","ast-hfb-above-header-display":"","ast-hfb-below-header-display":"","ast-hfb-mobile-header-display":"","site-post-title":"disabled","ast-breadcrumbs-content":"","ast-featured-img":"disabled","footer-sml-layout":"","theme-transparent-header-meta":"","adv-header-id-meta":"","stick-header-meta":"","header-above-stick-meta":"","header-main-stick-meta":"","header-below-stick-meta":"","astra-migrate-meta-layouts":"default","ast-page-background-enabled":"default","ast-page-background-meta":{"desktop":{"background-color":"var(--ast-global-color-4)","background-image":"","background-repeat":"repeat","background-position":"center center","background-size":"auto","background-attachment":"scroll","background-type":"","background-media":"","overlay-type":"","overlay-color":"","overlay-opacity":"","overlay-gradient":""},"tablet":{"background-color":"","background-image":"","background-repeat":"repeat","background-position":"center center","background-size":"auto","background-attachment":"scroll","background-type":"","background-media":"","overlay-type":"","overlay-color":"","overlay-opacity":"","overlay-gradient":""},"mobile":{"background-color":"","background-image":"","background-repeat":"repeat","background-position":"center center","background-size":"auto","background-attachment":"scroll","background-type":"","background-media":"","overlay-type":"","overlay-color":"","overlay-opacity":"","overlay-gradient":""}},"ast-content-background-meta":{"desktop":{"background-color":"var(--ast-global-color-5)","background-image":"","background-repeat":"repeat","background-position":"center center","background-size":"auto","background-attachment":"scroll","background-type":"","background-media":"","overlay-type":"","overlay-color":"","overlay-opacity":"","overlay-gradient":""},"tablet":{"background-color":"var(--ast-global-color-5)","background-image":"","background-repeat":"repeat","background-position":"center center","background-size":"auto","background-attachment":"scroll","background-type":"","background-media":"","overlay-type":"","overlay-color":"","overlay-opacity":"","overlay-gradient":""},"mobile":{"background-color":"var(--ast-global-color-5)","background-image":"","background-repeat":"repeat","background-position":"center center","background-size":"auto","background-attachment":"scroll","background-type":"","background-media":"","overlay-type":"","overlay-color":"","overlay-opacity":"","overlay-gradient":""}},"footnotes":""},"class_list":["post-21","page","type-page","status-publish","hentry"],"_links":{"self":[{"href":"https:\/\/student.ihsm.mg\/index.php\/wp-json\/wp\/v2\/pages\/21","targetHints":{"allow":["GET"]}}],"collection":[{"href":"https:\/\/student.ihsm.mg\/index.php\/wp-json\/wp\/v2\/pages"}],"about":[{"href":"https:\/\/student.ihsm.mg\/index.php\/wp-json\/wp\/v2\/types\/page"}],"author":[{"embeddable":true,"href":"https:\/\/student.ihsm.mg\/index.php\/wp-json\/wp\/v2\/users\/2"}],"replies":[{"embeddable":true,"href":"https:\/\/student.ihsm.mg\/index.php\/wp-json\/wp\/v2\/comments?post=21"}],"version-history":[{"count":34,"href":"https:\/\/student.ihsm.mg\/index.php\/wp-json\/wp\/v2\/pages\/21\/revisions"}],"predecessor-version":[{"id":1024,"href":"https:\/\/student.ihsm.mg\/index.php\/wp-json\/wp\/v2\/pages\/21\/revisions\/1024"}],"wp:attachment":[{"href":"https:\/\/student.ihsm.mg\/index.php\/wp-json\/wp\/v2\/media?parent=21"}],"curies":[{"name":"wp","href":"https:\/\/api.w.org\/{rel}","templated":true}]}}